{"id":130,"date":"2025-09-05T02:31:16","date_gmt":"2025-09-05T02:31:16","guid":{"rendered":"https:\/\/cuentoskecuentan.com\/?page_id=130"},"modified":"2025-12-17T02:04:24","modified_gmt":"2025-12-17T02:04:24","slug":"que-es-cuentos-ke-cuentan","status":"publish","type":"page","link":"https:\/\/cuentoskecuentan.com\/?page_id=130","title":{"rendered":"\u00bfQu\u00e9 es Cuentos Ke Cuentan?"},"content":{"rendered":"\n<p>Cuentos Ke Cuentan&nbsp;es un espacio en l\u00ednea donde Keyla, una ni\u00f1a de 7 a\u00f1os que estudia en el sistema ACE, comparte cuentos inspirados en los rasgos de car\u00e1cter desde una perspectiva cristiana. A trav\u00e9s de estas historias, los ni\u00f1os aprenden valores, fe y principios de vida de manera sencilla y cercana.<\/p>\n\n\n\n<p>Al mismo tiempo,&nbsp;<a href=\"https:\/\/maranieto.com\/\">Mara Nieto Viol\u00edn<\/a>, mam\u00e1 de Keyla, escribe los cuentos de ciudadan\u00eda digital, dise\u00f1ados para que los ni\u00f1os tomen conciencia de los riesgos del internet y aprendan a usarlo de forma segura y responsable.<\/p>\n\n\n\n<p>Adem\u00e1s, ofrecemos aplicaciones matem\u00e1ticas interactivas&nbsp;creadas especialmente para reforzar el aprendizaje de estudiantes del sistema ACE y cualquier ni\u00f1o que quiera practicar matem\u00e1ticas de forma din\u00e1mica. Estas herramientas digitales transforman conceptos como el valor posicional, operaciones b\u00e1sicas y otros temas del curr\u00edculo en experiencias visuales e interactivas, permitiendo que los ni\u00f1os aprendan a su propio ritmo desde cualquier dispositivo.<\/p>\n\n\n\n<p>De esta manera,&nbsp;Cuentos Ke Cuentan&nbsp;combina la formaci\u00f3n en valores cristianos, la educaci\u00f3n en ciudadan\u00eda digital y el fortalecimiento acad\u00e9mico, ofreciendo recursos significativos e integrales para ni\u00f1os y familias.<\/p>\n\n\n\n<h3 class=\"wp-block-heading\">Misi\u00f3n<\/h3>\n\n\n\n<p>Transmitir, de forma creativa y accesible, los rasgos de car\u00e1cter cristiano mediante cuentos narrados por Keyla; promover la ciudadan\u00eda digital a trav\u00e9s de las historias creadas por su mam\u00e1, Mara Nieto Viol\u00edn;&nbsp;y facilitar el aprendizaje de matem\u00e1ticas mediante aplicaciones interactivas dise\u00f1adas para el refuerzo acad\u00e9mico. Todo con el prop\u00f3sito de fomentar en los ni\u00f1os el amor por Dios, el desarrollo de valores integrales, el uso responsable del internet&nbsp;y la excelencia en su formaci\u00f3n educativa.<\/p>\n\n\n\n<h3 class=\"wp-block-heading\">Visi\u00f3n<\/h3>\n\n\n\n<p>Convertirse en un referente digital en la creaci\u00f3n de&nbsp;recursos educativos con prop\u00f3sito, que integren fe, valores cristianos, ciudadan\u00eda digital y aprendizaje interactivo, impactando a ni\u00f1os y familias en distintos lugares para que crezcan en su car\u00e1cter, fortalezcan su fe,&nbsp;desarrollen su potencial acad\u00e9mico&nbsp;y aprendan a vivir con responsabilidad tanto en su vida diaria como en el entorno digital.<\/p>\n\n\n\n<div style=\"height:100px\" aria-hidden=\"true\" class=\"wp-block-spacer\"><\/div>\n\n\n\n<p style=\"font-size:27px\"><strong>\u00bfQui\u00e9nes somos?<\/strong><\/p>\n\n\n\n<p><strong>Keyla (7 a\u00f1os)<\/strong><strong><\/strong><\/p>\n\n\n\n<p>Crea cuentos inspirados en valores cristianos como la bondad, la gratitud y el amor al pr\u00f3jimo, desde su mirada infantil como estudiante del sistema ACE.<\/p>\n\n\n\n<p><strong>Josu\u00e9 Cuevas<\/strong><\/p>\n\n\n\n<p>Pap\u00e1 de Keyla. Es licenciado en Teolog\u00eda con formaci\u00f3n en idiomas. Conecta los cuentos con verdades b\u00edblicas de forma clara y sencilla para ni\u00f1os y familias.<\/p>\n\n\n\n<p><strong>Mara Nieto Viol\u00edn<\/strong><strong><\/strong><\/p>\n\n\n\n<p>Es mam\u00e1 de Keyla. Especialista en pedagog\u00eda, tutor\u00eda digital y tecnolog\u00eda educativa. Desarrolla recursos que promueven la ciudadan\u00eda digital y el uso responsable de internet.<\/p>\n\n\n\n<p><\/p>\n","protected":false},"excerpt":{"rendered":"<p>Cuentos Ke Cuentan&nbsp;es un espacio en l\u00ednea donde Keyla, una ni\u00f1a de 7 a\u00f1os que estudia en el sistema ACE, comparte cuentos inspirados en los [&hellip;]<\/p>\n","protected":false},"author":1,"featured_media":0,"parent":0,"menu_order":0,"comment_status":"closed","ping_status":"closed","template":"","meta":{"footnotes":""},"class_list":["post-130","page","type-page","status-publish","hentry"],"_links":{"self":[{"href":"https:\/\/cuentoskecuentan.com\/index.php?rest_route=\/wp\/v2\/pages\/130","targetHints":{"allow":["GET"]}}],"collection":[{"href":"https:\/\/cuentoskecuentan.com\/index.php?rest_route=\/wp\/v2\/pages"}],"about":[{"href":"https:\/\/cuentoskecuentan.com\/index.php?rest_route=\/wp\/v2\/types\/page"}],"author":[{"embeddable":true,"href":"https:\/\/cuentoskecuentan.com\/index.php?rest_route=\/wp\/v2\/users\/1"}],"replies":[{"embeddable":true,"href":"https:\/\/cuentoskecuentan.com\/index.php?rest_route=%2Fwp%2Fv2%2Fcomments&post=130"}],"version-history":[{"count":8,"href":"https:\/\/cuentoskecuentan.com\/index.php?rest_route=\/wp\/v2\/pages\/130\/revisions"}],"predecessor-version":[{"id":564,"href":"https:\/\/cuentoskecuentan.com\/index.php?rest_route=\/wp\/v2\/pages\/130\/revisions\/564"}],"wp:attachment":[{"href":"https:\/\/cuentoskecuentan.com\/index.php?rest_route=%2Fwp%2Fv2%2Fmedia&parent=130"}],"curies":[{"name":"wp","href":"https:\/\/api.w.org\/{rel}","templated":true}]}}