{"id":177,"date":"2025-09-08T22:43:46","date_gmt":"2025-09-08T22:43:46","guid":{"rendered":"https:\/\/cuentoskecuentan.com\/?page_id=177"},"modified":"2025-12-30T18:19:25","modified_gmt":"2025-12-30T18:19:25","slug":"ciudadania-digital","status":"publish","type":"page","link":"https:\/\/cuentoskecuentan.com\/?page_id=177","title":{"rendered":"Ciudadan\u00eda Digital"},"content":{"rendered":"\n<p>La ciudadan\u00eda digital es hoy una parte importante de la formaci\u00f3n de ni\u00f1os y ni\u00f1as, pues les ayuda a aprender c\u00f3mo relacionarse en el mundo en l\u00ednea con \u00e9tica, seguridad y responsabilidad. Como se\u00f1ala Mike Ribble, \u00abser un buen ciudadano digital significa no solo saber usar la tecnolog\u00eda, sino hacerlo de manera consciente, cuidando lo que compartimos y respetando a quienes nos rodean en los espacios virtuales\u00bb.<\/p>\n\n\n\n<p>Con esa convicci\u00f3n, el equipo de Cuentos Ke Cuentan, bajo la direcci\u00f3n de <a href=\"https:\/\/maranieto.com\/\">Mara Nieto Viol\u00edn,<\/a> experta en tutor\u00eda digital con experiencia en pedagog\u00eda, educaci\u00f3n en l\u00ednea y trayectoria docente, crea cuentos y actividades did\u00e1cticas pensadas especialmente para los m\u00e1s peque\u00f1os. El prop\u00f3sito es que, a trav\u00e9s de historias atractivas y cercanas a su vida cotidiana, los ni\u00f1os comprendan que la ciudadan\u00eda digital no es algo abstracto, sino una manera concreta de convivir mejor tambi\u00e9n en internet.<\/p>\n\n\n\n<p>Cada narraci\u00f3n invita a reflexionar sobre temas como la seguridad, la privacidad, la comunicaci\u00f3n respetuosa y la responsabilidad en l\u00ednea. De esta forma, los cuentos no solo estimulan la imaginaci\u00f3n y el pensamiento cr\u00edtico, sino que tambi\u00e9n acompa\u00f1an a los ni\u00f1os en el aprendizaje de valores que los preparan para ser ciudadanos \u00edntegros, capaces de actuar con respeto y responsabilidad tanto en la vida digital como en la real.<\/p>\n\n\n\n<p style=\"font-size:20px\"><strong>\u00cdndice de cuentos sobre Ciudadan\u00eda Digital<\/strong><\/p>\n\n\n\n<p><a href=\"https:\/\/cuentoskecuentan.com\/?p=172\">El club de los S\u00faper Ciudadanos Digitales<\/a><\/p>\n\n\n\n<p><a href=\"https:\/\/cuentoskecuentan.com\/?p=336\">El d\u00eda en que Tom\u00e1s no pudo ver el arcoiris<\/a><\/p>\n\n\n\n<p><a href=\"https:\/\/cuentoskecuentan.com\/?p=390\">El mensaje que no se borra<\/a><\/p>\n\n\n\n<p><a href=\"https:\/\/cuentoskecuentan.com\/?p=233\">El secreto de las fotos<\/a><\/p>\n\n\n\n<p><a href=\"https:\/\/cuentoskecuentan.com\/?p=287\">El reto del lim\u00f3n y la valiente Valeria<\/a><\/p>\n\n\n\n<p><a href=\"https:\/\/cuentoskecuentan.com\/?p=418\">Fabian y el gato famoso<\/a><\/p>\n\n\n\n<p><a href=\"https:\/\/cuentoskecuentan.com\/?p=316\">La contrase\u00f1a de Patricio<\/a><\/p>\n\n\n\n<p><a href=\"https:\/\/cuentoskecuentan.com\/?p=524\">M\u00eda y Tom\u00e1s y su aventura por internet<\/a><\/p>\n\n\n\n<p><a href=\"https:\/\/cuentoskecuentan.com\/?p=202\">Trini y la app del conejito saltar\u00edn<\/a><\/p>\n\n\n\n<p><\/p>\n","protected":false},"excerpt":{"rendered":"<p>La ciudadan\u00eda digital es hoy una parte importante de la formaci\u00f3n de ni\u00f1os y ni\u00f1as, pues les ayuda a aprender c\u00f3mo relacionarse en el mundo [&hellip;]<\/p>\n","protected":false},"author":1,"featured_media":0,"parent":0,"menu_order":0,"comment_status":"closed","ping_status":"closed","template":"","meta":{"footnotes":""},"class_list":["post-177","page","type-page","status-publish","hentry"],"_links":{"self":[{"href":"https:\/\/cuentoskecuentan.com\/index.php?rest_route=\/wp\/v2\/pages\/177","targetHints":{"allow":["GET"]}}],"collection":[{"href":"https:\/\/cuentoskecuentan.com\/index.php?rest_route=\/wp\/v2\/pages"}],"about":[{"href":"https:\/\/cuentoskecuentan.com\/index.php?rest_route=\/wp\/v2\/types\/page"}],"author":[{"embeddable":true,"href":"https:\/\/cuentoskecuentan.com\/index.php?rest_route=\/wp\/v2\/users\/1"}],"replies":[{"embeddable":true,"href":"https:\/\/cuentoskecuentan.com\/index.php?rest_route=%2Fwp%2Fv2%2Fcomments&post=177"}],"version-history":[{"count":14,"href":"https:\/\/cuentoskecuentan.com\/index.php?rest_route=\/wp\/v2\/pages\/177\/revisions"}],"predecessor-version":[{"id":582,"href":"https:\/\/cuentoskecuentan.com\/index.php?rest_route=\/wp\/v2\/pages\/177\/revisions\/582"}],"wp:attachment":[{"href":"https:\/\/cuentoskecuentan.com\/index.php?rest_route=%2Fwp%2Fv2%2Fmedia&parent=177"}],"curies":[{"name":"wp","href":"https:\/\/api.w.org\/{rel}","templated":true}]}}