{"id":2,"date":"2016-05-10T03:48:21","date_gmt":"2016-05-10T03:48:21","guid":{"rendered":"http:\/\/cuentoskecuentan.com\/?page_id=2"},"modified":"2025-10-20T05:21:42","modified_gmt":"2025-10-20T05:21:42","slug":"sample-page","status":"publish","type":"page","link":"https:\/\/cuentoskecuentan.com\/?page_id=2","title":{"rendered":"\u00bfQu\u00e9 es el sistema ACE?"},"content":{"rendered":"\n<p>El sistema ACE (Accelerated Christian Education) es un modelo educativo cristiano que surgi\u00f3 en Estados Unidos en los a\u00f1os setenta. Su objetivo es brindar una ense\u00f1anza acad\u00e9mica junto con formaci\u00f3n espiritual.<\/p>\n\n\n\n<p>Aspectos principales:<\/p>\n\n\n\n<ul class=\"wp-block-list\">\n<li>Curr\u00edculum por \u201cPACEs\u201d: el aprendizaje se organiza en m\u00f3dulos llamados <em>PACEs<\/em> (Packet of Accelerated Christian Education). Cada m\u00f3dulo desarrolla un tema espec\u00edfico con explicaciones, ejercicios y autoevaluaciones.<\/li>\n\n\n\n<li>Aprendizaje individualizado: cada alumno avanza a su propio ritmo, de acuerdo con su nivel y capacidad, sin depender estrictamente de la edad o del grado escolar.<\/li>\n\n\n\n<li>Enfoque b\u00edblico: todos los contenidos incluyen principios cristianos, pasajes b\u00edblicos y reflexiones que buscan integrar la fe en cada asignatura.<\/li>\n\n\n\n<li>Formaci\u00f3n integral: se pretende desarrollar tanto el conocimiento acad\u00e9mico como los valores, la responsabilidad personal y el car\u00e1cter cristiano.<\/li>\n\n\n\n<li>Ambiente estructurado: se aplica generalmente en escuelas privadas cristianas, con supervisores y monitores que orientan el proceso.<\/li>\n<\/ul>\n\n\n\n<p>Si deseas saber m\u00e1s sobre el sistema ACE, da clic en <a href=\"https:\/\/www.youtube.com\/watch?v=gcKkXTwMarM\">este enlace. <\/a><\/p>\n","protected":false},"excerpt":{"rendered":"<p>El sistema ACE (Accelerated Christian Education) es un modelo educativo cristiano que surgi\u00f3 en Estados Unidos en los a\u00f1os setenta. Su objetivo es brindar una [&hellip;]<\/p>\n","protected":false},"author":1,"featured_media":0,"parent":0,"menu_order":0,"comment_status":"closed","ping_status":"open","template":"","meta":{"footnotes":""},"class_list":["post-2","page","type-page","status-publish","hentry"],"_links":{"self":[{"href":"https:\/\/cuentoskecuentan.com\/index.php?rest_route=\/wp\/v2\/pages\/2","targetHints":{"allow":["GET"]}}],"collection":[{"href":"https:\/\/cuentoskecuentan.com\/index.php?rest_route=\/wp\/v2\/pages"}],"about":[{"href":"https:\/\/cuentoskecuentan.com\/index.php?rest_route=\/wp\/v2\/types\/page"}],"author":[{"embeddable":true,"href":"https:\/\/cuentoskecuentan.com\/index.php?rest_route=\/wp\/v2\/users\/1"}],"replies":[{"embeddable":true,"href":"https:\/\/cuentoskecuentan.com\/index.php?rest_route=%2Fwp%2Fv2%2Fcomments&post=2"}],"version-history":[{"count":5,"href":"https:\/\/cuentoskecuentan.com\/index.php?rest_route=\/wp\/v2\/pages\/2\/revisions"}],"predecessor-version":[{"id":357,"href":"https:\/\/cuentoskecuentan.com\/index.php?rest_route=\/wp\/v2\/pages\/2\/revisions\/357"}],"wp:attachment":[{"href":"https:\/\/cuentoskecuentan.com\/index.php?rest_route=%2Fwp%2Fv2%2Fmedia&parent=2"}],"curies":[{"name":"wp","href":"https:\/\/api.w.org\/{rel}","templated":true}]}}