{"id":25,"date":"2025-09-04T22:25:04","date_gmt":"2025-09-04T22:25:04","guid":{"rendered":"https:\/\/cuentoskecuentan.com\/?page_id=25"},"modified":"2025-11-12T01:18:37","modified_gmt":"2025-11-12T01:18:37","slug":"rasgos-de-caracter","status":"publish","type":"page","link":"https:\/\/cuentoskecuentan.com\/?page_id=25","title":{"rendered":"Rasgos de Car\u00e1cter"},"content":{"rendered":"\n<p>En Cuentos Ke Cuentan encontrar\u00e1s historias creadas por Keyla, que inspiran a vivir con valores y principios cristianos. Cada cuento se centra en un rasgo de car\u00e1cter, como la gratitud, la bondad o la paciencia, y busca ense\u00f1ar de forma sencilla y divertida c\u00f3mo aplicarlos en la vida diaria.<\/p>\n\n\n\n<p>Son relatos pensados para que los ni\u00f1os aprendan mientras disfrutan, y para que padres y maestros tengan un recurso que fomente la formaci\u00f3n de un car\u00e1cter fuerte y lleno de fe.<\/p>\n\n\n\n<p><strong>\u00cdndice de rasgos de car\u00e1cter<\/strong><\/p>\n\n\n\n<p><a href=\"https:\/\/cuentoskecuentan.com\/?p=1\">Bendecido<\/a><\/p>\n\n\n\n<p><a href=\"https:\/\/cuentoskecuentan.com\/?p=441\">Bondadoso<\/a><\/p>\n\n\n\n<p><a href=\"https:\/\/cuentoskecuentan.com\/?p=326\">Contento<\/a><\/p>\n\n\n\n<p><a href=\"https:\/\/cuentoskecuentan.com\/?p=189\">Determinado<\/a><\/p>\n\n\n\n<p><a href=\"https:\/\/cuentoskecuentan.com\/?p=213\">Disciplinado<\/a><\/p>\n\n\n\n<p><a href=\"https:\/\/cuentoskecuentan.com\/?p=409\">Flexible<\/a><\/p>\n\n\n\n<p><a href=\"https:\/\/cuentoskecuentan.com\/?p=294\">Preparado<\/a><\/p>\n\n\n\n<p><a href=\"https:\/\/cuentoskecuentan.com\/?p=249\">Respetuoso<\/a><\/p>\n\n\n\n<p><a href=\"https:\/\/cuentoskecuentan.com\/?p=84\">Sabio<\/a><\/p>\n\n\n\n<p><a href=\"https:\/\/cuentoskecuentan.com\/?p=358\">Tolerante<\/a><\/p>\n","protected":false},"excerpt":{"rendered":"<p>En Cuentos Ke Cuentan encontrar\u00e1s historias creadas por Keyla, que inspiran a vivir con valores y principios cristianos. Cada cuento se centra en un rasgo [&hellip;]<\/p>\n","protected":false},"author":1,"featured_media":0,"parent":0,"menu_order":0,"comment_status":"closed","ping_status":"closed","template":"","meta":{"footnotes":""},"class_list":["post-25","page","type-page","status-publish","hentry"],"_links":{"self":[{"href":"https:\/\/cuentoskecuentan.com\/index.php?rest_route=\/wp\/v2\/pages\/25","targetHints":{"allow":["GET"]}}],"collection":[{"href":"https:\/\/cuentoskecuentan.com\/index.php?rest_route=\/wp\/v2\/pages"}],"about":[{"href":"https:\/\/cuentoskecuentan.com\/index.php?rest_route=\/wp\/v2\/types\/page"}],"author":[{"embeddable":true,"href":"https:\/\/cuentoskecuentan.com\/index.php?rest_route=\/wp\/v2\/users\/1"}],"replies":[{"embeddable":true,"href":"https:\/\/cuentoskecuentan.com\/index.php?rest_route=%2Fwp%2Fv2%2Fcomments&post=25"}],"version-history":[{"count":12,"href":"https:\/\/cuentoskecuentan.com\/index.php?rest_route=\/wp\/v2\/pages\/25\/revisions"}],"predecessor-version":[{"id":464,"href":"https:\/\/cuentoskecuentan.com\/index.php?rest_route=\/wp\/v2\/pages\/25\/revisions\/464"}],"wp:attachment":[{"href":"https:\/\/cuentoskecuentan.com\/index.php?rest_route=%2Fwp%2Fv2%2Fmedia&parent=25"}],"curies":[{"name":"wp","href":"https:\/\/api.w.org\/{rel}","templated":true}]}}