{"id":451,"date":"2025-11-11T18:06:02","date_gmt":"2025-11-11T18:06:02","guid":{"rendered":"https:\/\/cuentoskecuentan.com\/?page_id=451"},"modified":"2026-01-16T20:55:44","modified_gmt":"2026-01-16T20:55:44","slug":"aplicaciones-matematicas","status":"publish","type":"page","link":"https:\/\/cuentoskecuentan.com\/?page_id=451","title":{"rendered":"Aplicaciones matem\u00e1ticas"},"content":{"rendered":"\n<p>Complementando nuestra misi\u00f3n de educaci\u00f3n con prop\u00f3sito, hemos desarrollado herramientas interactivas para reforzar el aprendizaje de matem\u00e1ticas. Estas aplicaciones web permiten a los estudiantes del sistema ACE (y a cualquier ni\u00f1o) practicar de forma din\u00e1mica y visual los conceptos matem\u00e1ticos fundamentales de su nivel.<\/p>\n\n\n\n<p>Cada app est\u00e1 dise\u00f1ada para trabajar temas espec\u00edficos del curr\u00edculo, como el valor posicional, operaciones b\u00e1sicas, geometr\u00eda y m\u00e1s. Con ejercicios autocorregibles e interfaces amigables, los ni\u00f1os pueden reforzar sus conocimientos de manera aut\u00f3noma, convirtiendo la pr\u00e1ctica matem\u00e1tica en una experiencia interactiva y accesible desde cualquier dispositivo.<\/p>\n\n\n\n<p>Nuestro compromiso es seguir creando recursos que faciliten el aprendizaje significativo, combinando tecnolog\u00eda educativa con los valores que nos caracterizan.<\/p>\n\n\n\n<p><strong>\u00cdndice de apps de matem\u00e1ticas<\/strong><\/p>\n\n\n\n<p><a href=\"https:\/\/cuentoskecuentan.com\/?p=496\">Aprende las tablas \u00a1cantando!<\/a><\/p>\n\n\n\n<p><a href=\"https:\/\/cuentoskecuentan.com\/?p=469\">Even and odd numbers<\/a><\/p>\n\n\n\n<p><a href=\"https:\/\/cuentoskecuentan.com\/?p=644\">N\u00fameros romanos <\/a><\/p>\n\n\n\n<p><a href=\"https:\/\/cuentoskecuentan.com\/?p=669\">Simplificaciones de fracciones<\/a><\/p>\n\n\n\n<p><a href=\"https:\/\/cuentoskecuentan.com\/?p=478\">Valor posicional nivel 1<\/a><\/p>\n\n\n\n<p><a href=\"https:\/\/cuentoskecuentan.com\/?p=455\">Valor posicional nivel 2<\/a><\/p>\n","protected":false},"excerpt":{"rendered":"<p>Complementando nuestra misi\u00f3n de educaci\u00f3n con prop\u00f3sito, hemos desarrollado herramientas interactivas para reforzar el aprendizaje de matem\u00e1ticas. Estas aplicaciones web permiten a los estudiantes del [&hellip;]<\/p>\n","protected":false},"author":1,"featured_media":0,"parent":0,"menu_order":0,"comment_status":"closed","ping_status":"closed","template":"","meta":{"footnotes":""},"class_list":["post-451","page","type-page","status-publish","hentry"],"_links":{"self":[{"href":"https:\/\/cuentoskecuentan.com\/index.php?rest_route=\/wp\/v2\/pages\/451","targetHints":{"allow":["GET"]}}],"collection":[{"href":"https:\/\/cuentoskecuentan.com\/index.php?rest_route=\/wp\/v2\/pages"}],"about":[{"href":"https:\/\/cuentoskecuentan.com\/index.php?rest_route=\/wp\/v2\/types\/page"}],"author":[{"embeddable":true,"href":"https:\/\/cuentoskecuentan.com\/index.php?rest_route=\/wp\/v2\/users\/1"}],"replies":[{"embeddable":true,"href":"https:\/\/cuentoskecuentan.com\/index.php?rest_route=%2Fwp%2Fv2%2Fcomments&post=451"}],"version-history":[{"count":9,"href":"https:\/\/cuentoskecuentan.com\/index.php?rest_route=\/wp\/v2\/pages\/451\/revisions"}],"predecessor-version":[{"id":675,"href":"https:\/\/cuentoskecuentan.com\/index.php?rest_route=\/wp\/v2\/pages\/451\/revisions\/675"}],"wp:attachment":[{"href":"https:\/\/cuentoskecuentan.com\/index.php?rest_route=%2Fwp%2Fv2%2Fmedia&parent=451"}],"curies":[{"name":"wp","href":"https:\/\/api.w.org\/{rel}","templated":true}]}}